{"id":14039,"date":"2023-01-19T10:35:45","date_gmt":"2023-01-19T13:35:45","guid":{"rendered":"https:\/\/projetos.plural.etc.br\/febratel\/?page_id=14039"},"modified":"2023-01-26T08:07:23","modified_gmt":"2023-01-26T11:07:23","slug":"agenda-legislativa","status":"publish","type":"page","link":"https:\/\/projetos.plural.etc.br\/febratel\/agenda-legislativa\/","title":{"rendered":"Agenda&nbsp;Legislativa"},"content":{"rendered":"\n<figure class=\"wp-block-image alignwide size-full\"><img decoding=\"async\" loading=\"lazy\" width=\"320\" height=\"180\" src=\"https:\/\/projetos.plural.etc.br\/febratel\/wp-content\/uploads\/2023\/01\/Banner-Agenda-Legislativa-320x180-1.png\" alt=\"\" class=\"wp-image-14516\" srcset=\"https:\/\/projetos.plural.etc.br\/febratel\/wp-content\/uploads\/2023\/01\/Banner-Agenda-Legislativa-320x180-1.png 320w, https:\/\/projetos.plural.etc.br\/febratel\/wp-content\/uploads\/2023\/01\/Banner-Agenda-Legislativa-320x180-1-300x169.png 300w\" sizes=\"(max-width: 320px) 100vw, 320px\" \/><\/figure>\n\n\n\n<p>A agenda legislativa do setor de Telecomunica\u00e7\u00f5es traz posicionamentos das prestadoras sobre temas relativos \u00e0s telecomunica\u00e7\u00f5es em discuss\u00e3o no Congresso Nacional, como por exemplo, projetos relativos \u00e0s \u00e1reas tribut\u00e1ria, econ\u00f4mica, ambiental, operacional, de seguran\u00e7a e de rela\u00e7\u00f5es de consumo e que merecem especial aten\u00e7\u00e3o do setor.<\/p>\n\n\n\n<p>A agenda \u00e9 uma ferramenta do setor para a manuten\u00e7\u00e3o do di\u00e1logo com o Congresso Nacional, identificando e definindo as posi\u00e7\u00f5es legislativas do setor de telecomunica\u00e7\u00f5es.<\/p>\n\n\n\n<p><strong>Download<\/strong><\/p>\n\n\n\n<p><a href=\"https:\/\/projetos.plural.etc.br\/febratel\/wp-content\/uploads\/2023\/01\/agenda-legislativa-das-telecomunicacoes2019.pdf\">&nbsp;Agenda Legislativa das Telecomunica\u00e7\u00f5es 2019<\/a><\/p>\n\n\n\n<p><a href=\"https:\/\/projetos.plural.etc.br\/febratel\/wp-content\/uploads\/2023\/01\/agenda-legislativa-das-telecomunicacoes-2018.pdf\">&nbsp;Agenda Legislativa das Telecomunica\u00e7\u00f5es 2018<\/a><\/p>\n\n\n\n<p><a href=\"https:\/\/projetos.plural.etc.br\/febratel\/wp-content\/uploads\/2023\/01\/Agenda-Legislativa-das-Telecomunicacoes2017.pdf\">&nbsp;Agenda Legislativa das Telecomunica\u00e7\u00f5es 2017<\/a><\/p>\n\n\n\n<p><a href=\"https:\/\/projetos.plural.etc.br\/febratel\/wp-content\/uploads\/2023\/01\/agenda-legislativa-das-telecomunicacoes2016.pdf\">&nbsp;Agenda Legislativa das Telecomunica\u00e7\u00f5es 2016<\/a><\/p>\n\n\n\n<p><a href=\"https:\/\/projetos.plural.etc.br\/febratel\/contribuicoes-para-posicionamentos\/\">&nbsp;Agenda Legislativa das Telecomunica\u00e7\u00f5es 2015<\/a><\/p>\n\n\n\n<p><a href=\"https:\/\/projetos.plural.etc.br\/febratel\/wp-content\/uploads\/2023\/01\/agenda-legislativa-das-telecomunicacoes-2014-sinditelebrasil.pdf\">&nbsp;&nbsp;Agenda Legislativa das Telecomunica\u00e7\u00f5es 2014<\/a><\/p>\n\n\n\n<p><a href=\"https:\/\/projetos.plural.etc.br\/febratel\/wp-content\/uploads\/2023\/01\/agenda_legislativa_2013.pdf\">&nbsp;Agenda Legislativa das Telecomunica\u00e7\u00f5es 2013<\/a><\/p>\n\n\n\n<h2>Visite&nbsp;o nosso canal do Youtube<\/h2>\n\n\n\n<figure class=\"wp-block-image\"><a href=\"http:\/\/www.youtube.com\/febratel1\" target=\"_blank\" rel=\"noreferrer noopener\"><img decoding=\"async\" src=\"http:\/\/www.febratel.org.br\/images\/febratel\/botao_youtube2.png\" alt=\"botao youtube2\"\/><\/a><\/figure>\n\n\n\n<p><strong>Recomende aos amigos!<\/strong><\/p>\n","protected":false},"excerpt":{"rendered":"<p>A agenda legislativa do setor de Telecomunica\u00e7\u00f5es traz posicionamentos das prestadoras sobre temas relativos \u00e0s telecomunica\u00e7\u00f5es em discuss\u00e3o no Congresso Nacional, como por exemplo, projetos relativos \u00e0s \u00e1reas tribut\u00e1ria, econ\u00f4mica, ambiental, operacional, de seguran\u00e7a e de rela\u00e7\u00f5es de consumo e que merecem especial aten\u00e7\u00e3o do setor. A agenda \u00e9 uma ferramenta do setor para a &hellip;<\/p>\n","protected":false},"author":4,"featured_media":0,"parent":0,"menu_order":0,"comment_status":"closed","ping_status":"closed","template":"","meta":[],"_links":{"self":[{"href":"https:\/\/projetos.plural.etc.br\/febratel\/wp-json\/wp\/v2\/pages\/14039"}],"collection":[{"href":"https:\/\/projetos.plural.etc.br\/febratel\/wp-json\/wp\/v2\/pages"}],"about":[{"href":"https:\/\/projetos.plural.etc.br\/febratel\/wp-json\/wp\/v2\/types\/page"}],"author":[{"embeddable":true,"href":"https:\/\/projetos.plural.etc.br\/febratel\/wp-json\/wp\/v2\/users\/4"}],"replies":[{"embeddable":true,"href":"https:\/\/projetos.plural.etc.br\/febratel\/wp-json\/wp\/v2\/comments?post=14039"}],"version-history":[{"count":4,"href":"https:\/\/projetos.plural.etc.br\/febratel\/wp-json\/wp\/v2\/pages\/14039\/revisions"}],"predecessor-version":[{"id":14518,"href":"https:\/\/projetos.plural.etc.br\/febratel\/wp-json\/wp\/v2\/pages\/14039\/revisions\/14518"}],"wp:attachment":[{"href":"https:\/\/projetos.plural.etc.br\/febratel\/wp-json\/wp\/v2\/media?parent=14039"}],"curies":[{"name":"wp","href":"https:\/\/api.w.org\/{rel}","templated":true}]}}