{"id":13052,"date":"2023-01-04T13:05:08","date_gmt":"2023-01-04T16:05:08","guid":{"rendered":"https:\/\/projetos.plural.etc.br\/febratel\/?page_id=13052"},"modified":"2023-01-23T07:29:06","modified_gmt":"2023-01-23T10:29:06","slug":"dados-federacao","status":"publish","type":"page","link":"https:\/\/projetos.plural.etc.br\/febratel\/dados-federacao\/","title":{"rendered":"Dados da Federa\u00e7\u00e3o"},"content":{"rendered":"\n<p><strong>Raz\u00e3o Social:<\/strong> Federa\u00e7\u00e3o Brasileira de Telecomunica\u00e7\u00f5es &#8211; FEBRATEL<br><strong>CNPJ\/MF:<\/strong> 07.594.324\/0001-44.<br><strong>CNAE &#8211; Classifica\u00e7\u00e3o Nacional de Atividades Econ\u00f4micas: <\/strong>94.20-1-00 &#8211; Atividades de organiza\u00e7\u00f5es sindicais.<br><strong>Cadastro Nacional de Entidades Sindicais &#8211; CNES:<\/strong> registrado sob o n.\u00ba 46000.018261\/2005-08<br><strong>C\u00f3digo Sindical:<\/strong> 000.786.00000-7<br><strong>Abrang\u00eancia Territorial:<\/strong> Nacional.<br><strong>Endere\u00e7o:<\/strong> ST SCN Quadra 01 Bloco F, Andar 14 Sala 1411 A 1414, Asa Norte, CEP: 70.711-905<br><strong>Tel.:<\/strong> (61) 2105-7455<br><strong>E-mail:<\/strong> febratel@febratel.org.br<\/p>\n\n\n\n<h2>Visite&nbsp;o nosso canal do Youtube<\/h2>\n\n\n\n<figure class=\"wp-block-image\"><a href=\"http:\/\/www.youtube.com\/febratel1\" target=\"_blank\" rel=\"noreferrer noopener\"><img decoding=\"async\" src=\"https:\/\/www.febratel.org.br\/images\/febratel\/botao_youtube2.png\" alt=\"botao youtube2\"\/><\/a><\/figure>\n\n\n\n<p><strong>Recomende aos amigos!<\/strong><\/p>\n","protected":false},"excerpt":{"rendered":"<p>Raz\u00e3o Social: Federa\u00e7\u00e3o Brasileira de Telecomunica\u00e7\u00f5es &#8211; FEBRATELCNPJ\/MF: 07.594.324\/0001-44.CNAE &#8211; Classifica\u00e7\u00e3o Nacional de Atividades Econ\u00f4micas: 94.20-1-00 &#8211; Atividades de organiza\u00e7\u00f5es sindicais.Cadastro Nacional de Entidades Sindicais &#8211; CNES: registrado sob o n.\u00ba 46000.018261\/2005-08C\u00f3digo Sindical: 000.786.00000-7Abrang\u00eancia Territorial: Nacional.Endere\u00e7o: ST SCN Quadra 01 Bloco F, Andar 14 Sala 1411 A 1414, Asa Norte, CEP: 70.711-905Tel.: (61) 2105-7455E-mail: febratel@febratel.org.br &hellip;<\/p>\n","protected":false},"author":1,"featured_media":0,"parent":0,"menu_order":0,"comment_status":"closed","ping_status":"closed","template":"","meta":[],"_links":{"self":[{"href":"https:\/\/projetos.plural.etc.br\/febratel\/wp-json\/wp\/v2\/pages\/13052"}],"collection":[{"href":"https:\/\/projetos.plural.etc.br\/febratel\/wp-json\/wp\/v2\/pages"}],"about":[{"href":"https:\/\/projetos.plural.etc.br\/febratel\/wp-json\/wp\/v2\/types\/page"}],"author":[{"embeddable":true,"href":"https:\/\/projetos.plural.etc.br\/febratel\/wp-json\/wp\/v2\/users\/1"}],"replies":[{"embeddable":true,"href":"https:\/\/projetos.plural.etc.br\/febratel\/wp-json\/wp\/v2\/comments?post=13052"}],"version-history":[{"count":4,"href":"https:\/\/projetos.plural.etc.br\/febratel\/wp-json\/wp\/v2\/pages\/13052\/revisions"}],"predecessor-version":[{"id":14151,"href":"https:\/\/projetos.plural.etc.br\/febratel\/wp-json\/wp\/v2\/pages\/13052\/revisions\/14151"}],"wp:attachment":[{"href":"https:\/\/projetos.plural.etc.br\/febratel\/wp-json\/wp\/v2\/media?parent=13052"}],"curies":[{"name":"wp","href":"https:\/\/api.w.org\/{rel}","templated":true}]}}