{"id":12549,"date":"2022-12-14T07:05:16","date_gmt":"2022-12-14T10:05:16","guid":{"rendered":"https:\/\/www.telebrasil.org.br\/?page_id=12549"},"modified":"2023-01-23T15:43:38","modified_gmt":"2023-01-23T18:43:38","slug":"nossa-historia","status":"publish","type":"page","link":"https:\/\/projetos.plural.etc.br\/febratel\/nossa-historia\/","title":{"rendered":"Nossa hist\u00f3ria"},"content":{"rendered":"\n<div id=\"criacao-da-febratel-federacao-brasileira-de-telecomunicacoes\" class=\"index-title\"><\/div><h3>Cria\u00e7\u00e3o&nbsp;da FEBRATEL \u2013 Federa\u00e7\u00e3o Brasileira de Telecomunica\u00e7\u00f5es<\/h3>\n\n\n\n<figure class=\"wp-block-table\"><table><tbody><tr><td><img decoding=\"async\" loading=\"lazy\" width=\"403\" height=\"302\" class=\"wp-image-13709\" style=\"width: 150px;\" src=\"https:\/\/projetos.plural.etc.br\/febratel\/wp-content\/uploads\/2023\/01\/foto16g.jpg\" alt=\"\" srcset=\"https:\/\/projetos.plural.etc.br\/febratel\/wp-content\/uploads\/2023\/01\/foto16g.jpg 403w, https:\/\/projetos.plural.etc.br\/febratel\/wp-content\/uploads\/2023\/01\/foto16g-300x225.jpg 300w\" sizes=\"(max-width: 403px) 100vw, 403px\" \/><br>A&nbsp;<strong>FEBRATEL<\/strong>&nbsp;\u2013 Federa\u00e7\u00e3o Brasileira de Telecomunica\u00e7\u00f5es foi constitu\u00edda em 16 de agosto de 2005, em Assembleia Geral de Funda\u00e7\u00e3o, com in\u00edcio \u00e0s 14h, no sal\u00e3o nobre da casa da Avenida Pasteur, 383, no Rio de Janeiro, onde estiveram presentes representantes de seis sindicatos.<br><br>No Di\u00e1rio Oficial da Uni\u00e3o (DOU), de 25 de maio de 2006 \u2013 data doravante hist\u00f3rica \u2013, foi \u201cconcedido o registro sindical para a&nbsp;<strong>FEBRATEL<\/strong>&nbsp;\u2013 Federa\u00e7\u00e3o Brasileira de Telecomunica\u00e7\u00f5es\u201d. Surge o \u00f3rg\u00e3o sindical de segundo grau para defender os interesses de car\u00e1ter patronal de um segmento respons\u00e1vel por 7,46% do PIB. &nbsp;Dessa data a&nbsp;<strong>FEBRATEL<\/strong>&nbsp;\u2013 Federa\u00e7\u00e3o Brasileira de Telecomunica\u00e7\u00f5es \u2013 passou a integrar o Cadastro Nacional das Entidades Sindicais. Foi publicada no Di\u00e1rio Oficial da Uni\u00e3o n\u00ba 99, de 25 de maio de 2006, quinta-feira, na Se\u00e7\u00e3o 1, p\u00e1gina 73, a Concess\u00e3o de Registro Sindical para a FEBRATEL, que passa a ostentar o registro sindical de n\u00ba 46000.081261\/2005-08.<br><br>Foram seis sindicatos patronais, os fundadores da<em><strong>&nbsp;FEBRATEL<\/strong>:&nbsp;<strong>Seta<\/strong>&nbsp;\u2013 Sindicato Nacional das Empresas Operadoras de Sistemas de Televis\u00e3o por Assinatura;&nbsp;<strong>Siitep<\/strong>&nbsp;\u2013 Sindicato das Ind\u00fastrias de Instala\u00e7\u00f5es Telef\u00f4nicas no Estado do Paran\u00e1;&nbsp;<strong>Sinder<\/strong>&nbsp;\u2013 Sindicato Nacional das Empresas de Radiocomunica\u00e7\u00f5es;&nbsp;<strong>Sindimest-RJ<\/strong>&nbsp;\u2013 Sindicato das Ind\u00fastrias e Empresas de Instala\u00e7\u00e3o, Opera\u00e7\u00e3o e Manuten\u00e7\u00e3o de Redes, Equipamentos e Sistemas de Telecomunica\u00e7\u00f5es do Estado do Rio de Janeiro;&nbsp;<strong>Sinditelebrasil<\/strong>\u2013 Sindicato Nacional das Empresas de Telefonia e de Servi\u00e7os M\u00f3vel Celular e Pessoal &nbsp;e&nbsp;<strong>Sinstal<\/strong>&nbsp;\u2013 Sindicato Nacional das Empresas Prestadoras de Servi\u00e7os e Instaladoras de Sistemas e Redes de TV Por Assinatura (cabo).<\/em><br><br>Foi eleita por aclama\u00e7\u00e3o, seguida de uma salva de palmas, para um mandato de quatro anos, a chapa de funda\u00e7\u00e3o da&nbsp;<strong>FEBRATEL<\/strong>, que ficou assim constitu\u00edda:&nbsp;Presidente: Luiz Alberto Garcia (SINDITELEBRASIL);&nbsp;1\u00ba vice-presidente: Gilberto Mussi de Carvalho (Sinstal) \u2013 ambos tamb\u00e9m delegados confederativos \u2013; e&nbsp;2\u00ba vice-presidente: Jos\u00e9 Paulo de Freitas (Seta).&nbsp;Diretores:&nbsp;<em>Administrativo<\/em>, Ludgero Jos\u00e9 Pattaro (SINDITELEBRASIL) e Orlando Lopes, suplente (SINDITELEBRASIL);&nbsp;<em>Financeiro<\/em>, Jos\u00e9 Fernandes Pauletti (SINDITELEBRASIL) e Eduardo Felippe Correa, suplente (SINDITELEBRASIL);&nbsp;<em>Desenvolvimento e Tecnologia<\/em>, George Paiva Cosa F.\u00ba (Sindimest-RJ) e Alexandre Wagner de Castro, suplente (Sindimest-RJ);&nbsp;<em>Rela\u00e7\u00f5es Sindicais<\/em>, Birat\u00e3 Higino Almeida Giacomoni (Siitep) e Leandro de Lima Neto, suplente (Siitep);&nbsp;<em>Rela\u00e7\u00f5es Corporativas<\/em>, C\u00edcero Domingos Penha (SINDITELEBRASIL) e P\u00e9rsio Jos\u00e9 de Oliveira, suplente (SINDITELEBRASIL);&nbsp;<em>Comunica\u00e7\u00f5es<\/em>, Jo\u00e3o Carlos Pinheiro da Fonseca (TELEBRASIL) e Celso Ven\u00e2ncio Teixeira Machado, suplente (SINDITELEBRASIL).<br>Eis o quadro completo de dirigentes da&nbsp;<strong>FEBRATEL<\/strong>&nbsp;na data de sua constitui\u00e7\u00e3o, em 16 de agosto de 2005. Como membros do&nbsp;Conselho de Representantes, pelo&nbsp;<strong>Seta<\/strong>&nbsp;(<em>Sindicato Nacional das Empresas Operadoras de Sistemas de Televis\u00e3o por assinatura<\/em>), Adir de Souza Matos (Direct TV) e Amilton de Lucca (TVA); pelo&nbsp;<strong>Siitep<\/strong>&nbsp;(<em>Sindicato das Ind\u00fastrias de Instala\u00e7\u00f5es Telef\u00f4nicas no Estado do Paran\u00e1<\/em>), H\u00e9lio Bampi (Radiante) e Iomar Schiller Weirich (Seletel); pelo&nbsp;<strong>Sinder<\/strong>&nbsp;(<em>Sindicato Nacional das Empresas de Radiocomunica\u00e7\u00f5es<\/em>), Guilherme de Souza Villares (Aerotech) e Ana Cristina Rodrigues Santos Pinheiro (Orbitech); pelo&nbsp;<strong>Sindimest-RJ<\/strong>&nbsp;(Sindicato das Ind\u00fastrias e Empresas de Instala\u00e7\u00e3o, Opera\u00e7\u00e3o e Manuten\u00e7\u00e3o de Redes, Equipamentos e Sistemas de Telecomunica\u00e7\u00f5es do Estado do Rio de Janeiro), George Paiva Costa Filho (Equant) e Alexios Azen Jr. (Masterway); pelo&nbsp;<strong>Sinditelebrasil<\/strong>&nbsp;(<em>Sindicato Nacional das Empresas de Telefonia e de Servi\u00e7os M\u00f3vel Celular e Pessoal<\/em>), Ronaldo Iabrudi dos Santos Pereira (Telemar) e J\u00falio Cesar Fonseca (Telemar); pelo&nbsp;<strong>Sinstal<\/strong>&nbsp;(<em>Sindicato Nacional das Empresas Prestadoras de Servi\u00e7os e Instaladoras de Sistemas e Redes de TV Por Assinatura-Cabo<\/em>), Humberto Jacinto Neves (Fox Telecom) e Ana Maria Gon\u00e7alves Mesquita (SP Telecom).<br><br>Compuseram ainda a chapa de funda\u00e7\u00e3o da&nbsp;<strong>FEBRATEL<\/strong>, como&nbsp;diretores de Rela\u00e7\u00f5es Institucionais: pelo&nbsp;<strong>Sinstal<\/strong>, Antonio Jos\u00e9 Ribeiro dos Santos (Telemig); pelo&nbsp;<strong>Sinder<\/strong>, Humberto Jacinto Neves (Amply Sistemas); pelo&nbsp;<strong>Seta<\/strong>, Andr\u00e9 Muller Borges (NET Servi\u00e7os); pelo&nbsp;<strong>Sindimest-RJ<\/strong>, Walter Brum Almeida de Castro; pelo&nbsp;<strong>Siitep<\/strong>, H\u00e9lio Bampi (Radiante); pelo&nbsp;<strong>Sindisat<\/strong>&nbsp;\u2013 Sindicato Nacional das Empresas de Telecomunica\u00e7\u00f5es por Sat\u00e9lites (sendo ainda efetivado) \u2013, Didier Pierri Guy Chinchilla.<br><br>Ainda como diretores,&nbsp;Jur\u00eddico Institucional, Jos\u00e9 Carlos de Magalh\u00e3es Costa (<strong><em>Sindimest-RJ<\/em><\/strong>) e Munik Braguez Nunes de Arag\u00e3o, suplente (<strong><em>Sindimest-RJ<\/em><\/strong>); Jur\u00eddico de Rela\u00e7\u00f5es Trabalhistas e Sindicais, J\u00falio Caio C. Stunff (<em><strong>Sinstal<\/strong><\/em>) e Egef\u00e9rson dos Santos Craveiro, suplente (<em><strong>Sinstal<\/strong><\/em>); e de Planejamento e Desenvolvimento de Mercado, Ars\u00eanio Pagliarini Junior (<em><strong>Sinder<\/strong><\/em>) e Jorge Dorico de Jesus, suplente (Sinder). S\u00e3o membros do Conselho Fiscal: como efetivos, Leandro Sallati dos Santos (<em><strong>Seta<\/strong><\/em>), Geraldo Batista Caetano (<em><strong>SINDITELEBRASIL<\/strong><\/em>) e Cesar R\u00f4mulo Silveira Neto (<em><strong>SINDITELEBRASIL<\/strong><\/em>); suplentes: Dante C\u00e9sar Basso (Siitep), Sheila Patr\u00edcia Pereira Nascimento (<em><strong>Sinder<\/strong><\/em>) e Suely Aparecida da Silva (<em><strong>Sinstal<\/strong><\/em>).<br>Facultada a palavra, ao t\u00e9rmino da Assembl\u00e9ia que criou a FEBRATEL, assim se expressaram os participantes: \u201cum trabalho de equipe\u201d (<em>Gilberto Mussi de Carvalho<\/em>); \u201ca classe quis a uni\u00e3o\u201d (<em>C\u00edcero Domingo Penha<\/em>); \u201cmais representatividade para o setor\u201d (<em>P\u00e9rcio Jos\u00e9 Oliveira<\/em>); \u201crumo \u00e0 Confedera\u00e7\u00e3o\u201d (<em>Eduardo Felippe<\/em>); \u201cem defesa da concorr\u00eancia\u201d (<em>Munik de Arag\u00e3o<\/em>); \u201ccaminhando juntos\u201d (<em>George Paiva<\/em>); \u201ctudo para se nivelar \u00e0s grandes Federa\u00e7\u00f5es\u201d (<em>Magalh\u00e3es Costa<\/em>); e \u201cum setor com a for\u00e7a de 5 a 6% do PIB\u201d (<em>C\u00e9sar R\u00f4mulo<\/em>).<br><br>Conforme registro sindical concedido pelo Minist\u00e9rio do Trabalho, a FEBRATEL representa \u201cas categorias econ\u00f4micas pertencentes aos ramos das empresas prestadoras de servi\u00e7os de telecomunica\u00e7\u00f5es, cujas atividades est\u00e3o definidas e de telecomunica\u00e7\u00f5es\u201d.<br><a rel=\"noreferrer noopener\" href=\"https:\/\/www.febratel.org.br\/multimedia\/galeria-de-fotos\/quem-somos\/nossa-historia-fundacao\" target=\"_blank\">Veja a nossa galeria de fotos<\/a><br><\/td><\/tr><\/tbody><\/table><\/figure>\n\n\n\n<h2>Visite&nbsp;o nosso canal do Youtube<\/h2>\n\n\n\n<figure class=\"wp-block-image\"><a href=\"http:\/\/www.youtube.com\/febratel1\" target=\"_blank\" rel=\"noreferrer noopener\"><img decoding=\"async\" src=\"https:\/\/www.febratel.org.br\/images\/febratel\/botao_youtube2.png\" alt=\"botao youtube2\"\/><\/a><\/figure>\n\n\n\n<p><strong>Recomende aos amigos!<\/strong><\/p>\n\n\n<style id=\"kb-spacer_0747f1-35\">.wp-block-kadence-spacer.kt-block-spacer-_0747f1-35 .kt-block-spacer{height:6px;}.wp-block-kadence-spacer.kt-block-spacer-_0747f1-35 .kt-divider{width:80%;}<\/style>\n<div class=\"wp-block-kadence-spacer aligncenter kt-block-spacer-_0747f1-35\"><div class=\"kt-block-spacer kt-block-spacer-halign-center\"><hr class=\"kt-divider\"\/><\/div><\/div>\n","protected":false},"excerpt":{"rendered":"<p>Cria\u00e7\u00e3o&nbsp;da FEBRATEL \u2013 Federa\u00e7\u00e3o Brasileira de Telecomunica\u00e7\u00f5es A&nbsp;FEBRATEL&nbsp;\u2013 Federa\u00e7\u00e3o Brasileira de Telecomunica\u00e7\u00f5es foi constitu\u00edda em 16 de agosto de 2005, em Assembleia Geral de Funda\u00e7\u00e3o, com in\u00edcio \u00e0s 14h, no sal\u00e3o nobre da casa da Avenida Pasteur, 383, no Rio de Janeiro, onde estiveram presentes representantes de seis sindicatos.No Di\u00e1rio Oficial da Uni\u00e3o (DOU), de &hellip;<\/p>\n","protected":false},"author":1,"featured_media":0,"parent":0,"menu_order":2,"comment_status":"closed","ping_status":"closed","template":"","meta":[],"_links":{"self":[{"href":"https:\/\/projetos.plural.etc.br\/febratel\/wp-json\/wp\/v2\/pages\/12549"}],"collection":[{"href":"https:\/\/projetos.plural.etc.br\/febratel\/wp-json\/wp\/v2\/pages"}],"about":[{"href":"https:\/\/projetos.plural.etc.br\/febratel\/wp-json\/wp\/v2\/types\/page"}],"author":[{"embeddable":true,"href":"https:\/\/projetos.plural.etc.br\/febratel\/wp-json\/wp\/v2\/users\/1"}],"replies":[{"embeddable":true,"href":"https:\/\/projetos.plural.etc.br\/febratel\/wp-json\/wp\/v2\/comments?post=12549"}],"version-history":[{"count":7,"href":"https:\/\/projetos.plural.etc.br\/febratel\/wp-json\/wp\/v2\/pages\/12549\/revisions"}],"predecessor-version":[{"id":14183,"href":"https:\/\/projetos.plural.etc.br\/febratel\/wp-json\/wp\/v2\/pages\/12549\/revisions\/14183"}],"wp:attachment":[{"href":"https:\/\/projetos.plural.etc.br\/febratel\/wp-json\/wp\/v2\/media?parent=12549"}],"curies":[{"name":"wp","href":"https:\/\/api.w.org\/{rel}","templated":true}]}}