{"id":1137,"date":"2020-10-16T15:12:45","date_gmt":"2020-10-16T18:12:45","guid":{"rendered":"https:\/\/conexis.org.br\/?page_id=1137"},"modified":"2023-01-23T07:32:04","modified_gmt":"2023-01-23T10:32:04","slug":"fale-conosco","status":"publish","type":"page","link":"https:\/\/projetos.plural.etc.br\/febratel\/fale-conosco\/","title":{"rendered":"Fale Conosco"},"content":{"rendered":"\n<p>Para sugest\u00f5es ou coment\u00e1rios sobre o Portal ou a atua\u00e7\u00e3o da&nbsp;Conexis,&nbsp;<br>entre em contato conosco.<\/p>\n\n\n\n<p><strong>Os campos marcados com ( * ) s\u00e3o obrigat\u00f3rios.<\/strong><\/p>\n\n\n<div class=\"wpforms-container wpforms-container-full\" id=\"wpforms-4070\"><form id=\"wpforms-form-4070\" class=\"wpforms-validate wpforms-form wpforms-ajax-form\" data-formid=\"4070\" method=\"post\" enctype=\"multipart\/form-data\" action=\"\/febratel\/wp-json\/wp\/v2\/pages\/1137\" data-token=\"8f8690fe05836933607bac2d66547db2\"><noscript class=\"wpforms-error-noscript\">Ative o JavaScript no seu navegador para preencher este formul\u00e1rio.<\/noscript><div class=\"wpforms-field-container\"><div id=\"wpforms-4070-field_2-container\" class=\"wpforms-field wpforms-field-name\" data-field-id=\"2\"><label class=\"wpforms-field-label\" for=\"wpforms-4070-field_2\">Nome <span class=\"wpforms-required-label\">*<\/span><\/label><input type=\"text\" id=\"wpforms-4070-field_2\" class=\"wpforms-field-medium wpforms-field-required\" name=\"wpforms[fields][2]\" required><\/div><div id=\"wpforms-4070-field_5-container\" class=\"wpforms-field wpforms-field-email\" data-field-id=\"5\"><label class=\"wpforms-field-label\" for=\"wpforms-4070-field_5\">E-mail <span class=\"wpforms-required-label\">*<\/span><\/label><input type=\"email\" id=\"wpforms-4070-field_5\" class=\"wpforms-field-medium wpforms-field-required\" name=\"wpforms[fields][5]\" required><\/div><div id=\"wpforms-4070-field_7-container\" class=\"wpforms-field wpforms-field-number\" data-field-id=\"7\"><label class=\"wpforms-field-label\" for=\"wpforms-4070-field_7\">Telefone \/ WhatsApp <span class=\"wpforms-required-label\">*<\/span><\/label><input type=\"number\" pattern=\"\\d*\" id=\"wpforms-4070-field_7\" class=\"wpforms-field-medium wpforms-field-required\" name=\"wpforms[fields][7]\" required><\/div><div id=\"wpforms-4070-field_4-container\" class=\"wpforms-field wpforms-field-text\" data-field-id=\"4\"><label class=\"wpforms-field-label\" for=\"wpforms-4070-field_4\">Empresa<\/label><input type=\"text\" id=\"wpforms-4070-field_4\" class=\"wpforms-field-medium\" name=\"wpforms[fields][4]\" ><\/div><div id=\"wpforms-4070-field_3-container\" class=\"wpforms-field wpforms-field-text\" data-field-id=\"3\"><label class=\"wpforms-field-label\" for=\"wpforms-4070-field_3\">Cargo<\/label><input type=\"text\" id=\"wpforms-4070-field_3\" class=\"wpforms-field-medium\" name=\"wpforms[fields][3]\" ><\/div><div id=\"wpforms-4070-field_8-container\" class=\"wpforms-field wpforms-field-text\" data-field-id=\"8\"><label class=\"wpforms-field-label\" for=\"wpforms-4070-field_8\">Assunto <span class=\"wpforms-required-label\">*<\/span><\/label><input type=\"text\" id=\"wpforms-4070-field_8\" class=\"wpforms-field-medium wpforms-field-required\" name=\"wpforms[fields][8]\" required><\/div><div id=\"wpforms-4070-field_9-container\" class=\"wpforms-field wpforms-field-textarea\" data-field-id=\"9\"><label class=\"wpforms-field-label\" for=\"wpforms-4070-field_9\">Mensagem <span class=\"wpforms-required-label\">*<\/span><\/label><textarea id=\"wpforms-4070-field_9\" class=\"wpforms-field-medium wpforms-field-required\" name=\"wpforms[fields][9]\" required><\/textarea><\/div><\/div><div class=\"wpforms-submit-container\"><input type=\"hidden\" name=\"wpforms[id]\" value=\"4070\"><input type=\"hidden\" name=\"wpforms[author]\" value=\"1\"><button type=\"submit\" name=\"wpforms[submit]\" id=\"wpforms-submit-4070\" class=\"wpforms-submit\" data-alt-text=\"Enviando...\" data-submit-text=\"Enviar\" aria-live=\"assertive\" value=\"wpforms-submit\">Enviar<\/button><img src=\"https:\/\/projetos.plural.etc.br\/febratel\/wp-content\/plugins\/wpforms\/assets\/images\/submit-spin.svg\" class=\"wpforms-submit-spinner\" style=\"display: none;\" width=\"26\" height=\"26\" alt=\"A Carregar\"><\/div><\/form><\/div>  <!-- .wpforms-container -->\n\n\n\n<h2>Visite&nbsp;o nosso canal do Youtube<\/h2>\n\n\n\n<figure class=\"wp-block-image\"><a href=\"http:\/\/www.youtube.com\/febratel1\" target=\"_blank\" rel=\"noreferrer noopener\"><img decoding=\"async\" src=\"https:\/\/www.febratel.org.br\/images\/febratel\/botao_youtube2.png\" alt=\"botao youtube2\"\/><\/a><\/figure>\n\n\n\n<p><strong>Recomende aos amigos!<\/strong><\/p>\n","protected":false},"excerpt":{"rendered":"<p>Para sugest\u00f5es ou coment\u00e1rios sobre o Portal ou a atua\u00e7\u00e3o da&nbsp;Conexis,&nbsp;entre em contato conosco. Os campos marcados com ( * ) s\u00e3o obrigat\u00f3rios. Visite&nbsp;o nosso canal do Youtube Recomende aos amigos!<\/p>\n","protected":false},"author":1,"featured_media":0,"parent":0,"menu_order":11,"comment_status":"closed","ping_status":"closed","template":"","meta":[],"_links":{"self":[{"href":"https:\/\/projetos.plural.etc.br\/febratel\/wp-json\/wp\/v2\/pages\/1137"}],"collection":[{"href":"https:\/\/projetos.plural.etc.br\/febratel\/wp-json\/wp\/v2\/pages"}],"about":[{"href":"https:\/\/projetos.plural.etc.br\/febratel\/wp-json\/wp\/v2\/types\/page"}],"author":[{"embeddable":true,"href":"https:\/\/projetos.plural.etc.br\/febratel\/wp-json\/wp\/v2\/users\/1"}],"replies":[{"embeddable":true,"href":"https:\/\/projetos.plural.etc.br\/febratel\/wp-json\/wp\/v2\/comments?post=1137"}],"version-history":[{"count":19,"href":"https:\/\/projetos.plural.etc.br\/febratel\/wp-json\/wp\/v2\/pages\/1137\/revisions"}],"predecessor-version":[{"id":14159,"href":"https:\/\/projetos.plural.etc.br\/febratel\/wp-json\/wp\/v2\/pages\/1137\/revisions\/14159"}],"wp:attachment":[{"href":"https:\/\/projetos.plural.etc.br\/febratel\/wp-json\/wp\/v2\/media?parent=1137"}],"curies":[{"name":"wp","href":"https:\/\/api.w.org\/{rel}","templated":true}]}}